{"id":20,"date":"2025-08-21T16:36:08","date_gmt":"2025-08-21T16:36:08","guid":{"rendered":"https:\/\/olive-coyote-885780.hostingersite.com\/home\/"},"modified":"2026-03-19T18:32:10","modified_gmt":"2026-03-19T18:32:10","slug":"home","status":"publish","type":"page","link":"https:\/\/gabrielbeyer.org\/de\/","title":{"rendered":"Startseite"},"content":{"rendered":"<h2 class=\"wp-block-heading alignwide has-text-align-center hostinger-ai-title has-vivid-cyan-blue-background-color has-background\" style=\"margin-top:0;margin-bottom:0;font-size:clamp(18.434px, 1.152rem + ((1vw - 3.2px) * 1.355), 29px);\">Willkommen, ich bin Gabriel, dein Bef\u00e4higungsf\u00fchrer<\/h2>\n\n\n\n<div class=\"wp-block-columns is-layout-flex wp-container-core-columns-is-layout-28f84493 wp-block-columns-is-layout-flex\">\n<div class=\"wp-block-column is-layout-flow wp-block-column-is-layout-flow\" style=\"flex-basis:100%\">\n<figure class=\"wp-block-embed is-type-video is-provider-spotify wp-block-embed-spotify wp-embed-aspect-16-9 wp-has-aspect-ratio\"><div class=\"wp-block-embed__wrapper\">\n<iframe title=\"Spotify Embed: Es gibt Hoffnung\" style=\"border-radius: 12px\" width=\"624\" height=\"351\" frameborder=\"0\" allowfullscreen allow=\"autoplay; clipboard-write; encrypted-media; fullscreen; picture-in-picture\" loading=\"lazy\" src=\"https:\/\/open.spotify.com\/embed\/show\/4S6dyGppAKlhybeNpC3iMg\/video?si=ea24c290399341a8&amp;utm_source=oembed\"><\/iframe>\n<\/div><\/figure>\n<\/div>\n<\/div>\n\n\n\n<p class=\"has-text-align-center hostinger-ai-description has-large-font-size\">Bei Radical Improvement Solutions versetzen wir Einzelpersonen und Teams in die Lage, durch einsichtsorientiertes Coaching und Training Klarheit und wirksame Ergebnisse zu erzielen.<\/p>\n\n\n\n<div class=\"wp-block-group alignwide hostinger-ai-about-us-4 hostinger-ai-fade-up has-global-padding is-content-justification-center is-layout-constrained wp-block-group-is-layout-constrained\" data-aos=\"fade-up\" style=\"padding-top:0;padding-bottom:0\">\n<div class=\"wp-block-group alignwide hostinger-ai-fade-up is-nowrap is-layout-flex wp-container-core-group-is-layout-4ac5639c wp-block-group-is-layout-flex\" data-aos=\"fade-up\" style=\"margin-bottom:0;padding-top:0;padding-bottom:var(--wp--preset--spacing--30)\">\n<div class=\"wp-block-columns is-layout-flex wp-container-core-columns-is-layout-28f84493 wp-block-columns-is-layout-flex\">\n<div class=\"wp-block-column is-vertically-aligned-center has-small-font-size is-layout-flow wp-block-column-is-layout-flow\" style=\"flex-basis:100%\">\n<h1 class=\"wp-block-heading has-text-align-center has-vivid-cyan-blue-background-color has-background\">Was ist transformatorisches Coaching im Kern?<\/h1>\n\n\n\n<p class=\"has-text-align-center has-large-font-size\">Transformations-Coaching hilft einer Person, die <strong>Ort, von dem aus sie leben<\/strong>-ihr inneres Betriebssystem - so dass sich Handlungen, Gewohnheiten und Ergebnisse auf nat\u00fcrliche Weise ver\u00e4ndern. Es geht nicht darum, Tipps oder Taktiken zu geben, sondern die unsichtbaren Annahmen, Identit\u00e4ten und Denkstrukturen, die die Erfahrungen von Augenblick zu Augenblick erzeugen, aufzudecken (und loszulassen). Wenn die <em>siehe<\/em> \u00c4nderungen, die <em>bei<\/em> folgt mit weit weniger Aufwand.<\/p>\n\n\n\n<p class=\"has-text-align-center has-vivid-cyan-blue-background-color has-background has-large-font-size\">\u2022 <strong>Ausrichtung von innen nach au\u00dfen:<\/strong> Ihre gef\u00fchlte Realit\u00e4t entsteht aus den Gedanken des Bewusstseins; dies zu erkennen, lockert den Griff der alten Erz\u00e4hlungen. <br>\u2022 <strong>Einsicht statt Technik:<\/strong> Dauerhafter Wandel entsteht durch neue Erkenntnisse, nicht nur durch bessere Routinen. <br>\u2022 <strong>Subtraktiv, nicht additiv:<\/strong> Sie beseitigt Missverst\u00e4ndnisse und veraltete Identit\u00e4ten mehr als sie Hacks anh\u00e4uft. <br>\u2022 <strong>Ganzheitliche Ausrichtung der Person:<\/strong> Kl\u00e4rt Werte, Wesen und Zweck, so dass sich das Verhalten selbst korrigiert. <br>\u2022 <strong>Trainer als Spiegel, nicht als Guru:<\/strong> Die Weisheit des Klienten f\u00fchrt; der Coach schafft die Bedingungen, um sie wahrzunehmen.<\/p>\n<\/div>\n<\/div>\n<\/div>\n\n\n\n<div class=\"wp-block-buttons is-layout-flex wp-block-buttons-is-layout-flex\" style=\"margin-top:var(--wp--preset--spacing--50)\">\n<div class=\"wp-block-button has-custom-width wp-block-button__width-100 hostinger-ai-cta-button hostinger-index-0\"><a class=\"wp-block-button__link has-dark-color has-luminous-vivid-amber-background-color has-text-color has-background has-link-color has-border-color has-custom-font-size wp-element-button\" href=\"https:\/\/tidycal.com\/gabrielbeyer\/discovery-call\" style=\"border-color:#0d141a;border-width:1px;border-radius:50px;padding-top:var(--wp--preset--spacing--30);padding-right:var(--wp--preset--spacing--70);padding-bottom:var(--wp--preset--spacing--30);padding-left:var(--wp--preset--spacing--70);box-shadow:none;font-size:clamp(15.747px, 0.984rem + ((1vw - 3.2px) * 1.058), 24px);\"><strong>Interessiert -&gt; Buchen Sie einen CALL<\/strong><\/a><\/div>\n<\/div>\n\n\n\n<h2 class=\"wp-block-heading alignwide has-text-align-center has-x-large-font-size\">Einer der Schl\u00fcssel zum Verst\u00e4ndnis von Inside-Out:<\/h2>\n\n\n\n<div class=\"wp-block-group alignwide image-row hostinger-ai-fade-up is-layout-flex wp-block-group-is-layout-flex\" data-aos=\"fade-up\" style=\"margin-bottom:0;padding-top:var(--wp--preset--spacing--30)\">\n<figure class=\"wp-block-image alignfull size-full has-custom-border hostinger-ai-image hostinger-index-7\"><img loading=\"lazy\" decoding=\"async\" width=\"1024\" height=\"1024\" src=\"https:\/\/gabrielbeyer.org\/wp-content\/uploads\/2025\/08\/Thoughts-FeelingsSquare.png\" alt=\"\" class=\"wp-image-54\" style=\"border-radius:20px\" srcset=\"https:\/\/gabrielbeyer.org\/wp-content\/uploads\/2025\/08\/Thoughts-FeelingsSquare.png 1024w, https:\/\/gabrielbeyer.org\/wp-content\/uploads\/2025\/08\/Thoughts-FeelingsSquare-300x300.png 300w, https:\/\/gabrielbeyer.org\/wp-content\/uploads\/2025\/08\/Thoughts-FeelingsSquare-150x150.png 150w, https:\/\/gabrielbeyer.org\/wp-content\/uploads\/2025\/08\/Thoughts-FeelingsSquare-768x768.png 768w\" sizes=\"auto, (max-width: 1024px) 100vw, 1024px\" \/><\/figure>\n<\/div>\n<\/div>\n\n\n\n<div class=\"wp-block-group alignfull hostinger-ai-solid-block hostinger-ai-fade-up has-vivid-cyan-blue-background-color has-background has-global-padding is-layout-constrained wp-block-group-is-layout-constrained\" data-aos=\"fade-up\" style=\"padding-top:var(--wp--preset--spacing--60);padding-bottom:var(--wp--preset--spacing--60)\">\n<div class=\"wp-block-group alignwide hostinger-ai-fade-up is-vertical is-content-justification-center is-nowrap is-layout-flex wp-container-core-group-is-layout-4cc6ee0a wp-block-group-is-layout-flex\" data-aos=\"fade-up\" style=\"min-height:0px;padding-top:0;padding-bottom:0\">\n<div class=\"wp-block-group hostinger-ai-fade-up wp-container-content-69bc4bdf has-global-padding is-content-justification-center is-layout-constrained wp-container-core-group-is-layout-78267832 wp-block-group-is-layout-constrained\" data-aos=\"fade-up\">\n<h2 class=\"wp-block-heading has-text-align-center hostinger-ai-title has-dark-color has-text-color has-link-color has-x-large-font-size wp-elements-9584bfb390c17cd306a1a013f3755ded\" style=\"margin-top:0;margin-right:0;margin-bottom:0;margin-left:0\">Klarheit<\/h2>\n\n\n\n<p class=\"has-text-align-center hostinger-ai-description has-dark-color has-text-color has-link-color has-large-font-size wp-elements-c648117e6c9abe846a156bf579c4872e\" style=\"margin-top:var(--wp--preset--spacing--20);margin-bottom:var(--wp--preset--spacing--50)\">Erleben Sie ein bahnbrechendes Coaching und Training zur Verbesserung von Entscheidungsfindung, Kreativit\u00e4t und Belastbarkeit in Ihrem pers\u00f6nlichen und beruflichen Leben.<\/p>\n\n\n\n<div class=\"wp-block-buttons has-custom-font-size has-large-font-size is-content-justification-center is-layout-flex wp-container-core-buttons-is-layout-a89b3969 wp-block-buttons-is-layout-flex\">\n<div class=\"wp-block-button has-custom-width wp-block-button__width-100 hostinger-ai-cta-button\"><a class=\"wp-block-button__link has-dark-color has-luminous-vivid-amber-background-color has-text-color has-background has-link-color has-border-color has-custom-font-size wp-element-button\" href=\"https:\/\/tidycal.com\/gabrielbeyer\/discovery-call\" style=\"border-color:#0d141a;border-width:1px;border-radius:50px;padding-top:var(--wp--preset--spacing--30);padding-right:var(--wp--preset--spacing--70);padding-bottom:var(--wp--preset--spacing--30);padding-left:var(--wp--preset--spacing--70);box-shadow:none;font-size:clamp(17.371px, 1.086rem + ((1vw - 3.2px) * 1.234), 27px);\" target=\"_blank\" rel=\"noreferrer noopener\"><strong>Interessiert -&gt; Buchen Sie einen CALL<\/strong><\/a><\/div>\n<\/div>\n<\/div>\n<\/div>\n<\/div>\n\n\n\n<div class=\"wp-block-group alignfull hostinger-ai-customer-reviews-2 hostinger-ai-fade-up has-color-2-background-color has-background has-global-padding is-content-justification-center is-layout-constrained wp-block-group-is-layout-constrained\" data-aos=\"fade-up\" style=\"padding-top:var(--wp--preset--spacing--60);padding-bottom:var(--wp--preset--spacing--60)\">\n<div class=\"wp-block-columns alignwide is-layout-flex wp-container-core-columns-is-layout-28f84493 wp-block-columns-is-layout-flex\">\n<div class=\"wp-block-column is-layout-flow wp-block-column-is-layout-flow\">\n<figure class=\"wp-block-image aligncenter size-full has-custom-border hostinger-ai-testimonial-image hostinger-index-2\"><img loading=\"lazy\" decoding=\"async\" width=\"2560\" height=\"1920\" src=\"https:\/\/gabrielbeyer.org\/wp-content\/uploads\/2025\/08\/SocialProof01-scaled.png\" alt=\"\" class=\"wp-image-41\" style=\"border-radius:20px\" srcset=\"https:\/\/gabrielbeyer.org\/wp-content\/uploads\/2025\/08\/SocialProof01-scaled.png 2560w, https:\/\/gabrielbeyer.org\/wp-content\/uploads\/2025\/08\/SocialProof01-300x225.png 300w, https:\/\/gabrielbeyer.org\/wp-content\/uploads\/2025\/08\/SocialProof01-1024x768.png 1024w, https:\/\/gabrielbeyer.org\/wp-content\/uploads\/2025\/08\/SocialProof01-768x576.png 768w, https:\/\/gabrielbeyer.org\/wp-content\/uploads\/2025\/08\/SocialProof01-1536x1152.png 1536w, https:\/\/gabrielbeyer.org\/wp-content\/uploads\/2025\/08\/SocialProof01-2048x1536.png 2048w\" sizes=\"auto, (max-width: 2560px) 100vw, 2560px\" \/><\/figure>\n<\/div>\n\n\n\n<div class=\"wp-block-column is-vertically-aligned-center is-layout-flow wp-block-column-is-layout-flow\">\n<figure class=\"wp-block-image size-large\"><img loading=\"lazy\" decoding=\"async\" width=\"1024\" height=\"768\" src=\"https:\/\/gabrielbeyer.org\/wp-content\/uploads\/2025\/08\/SocialProof02-1024x768.png\" alt=\"\" class=\"wp-image-42\" srcset=\"https:\/\/gabrielbeyer.org\/wp-content\/uploads\/2025\/08\/SocialProof02-1024x768.png 1024w, https:\/\/gabrielbeyer.org\/wp-content\/uploads\/2025\/08\/SocialProof02-300x225.png 300w, https:\/\/gabrielbeyer.org\/wp-content\/uploads\/2025\/08\/SocialProof02-768x576.png 768w, https:\/\/gabrielbeyer.org\/wp-content\/uploads\/2025\/08\/SocialProof02-1536x1152.png 1536w, https:\/\/gabrielbeyer.org\/wp-content\/uploads\/2025\/08\/SocialProof02-2048x1536.png 2048w\" sizes=\"auto, (max-width: 1024px) 100vw, 1024px\" \/><\/figure>\n<\/div>\n<\/div>\n<\/div>\n\n\n\n<figure class=\"wp-block-gallery alignwide has-nested-images columns-default is-cropped wp-block-gallery-1 is-layout-flex wp-block-gallery-is-layout-flex\">\n<figure class=\"wp-block-image size-large\"><img loading=\"lazy\" decoding=\"async\" width=\"1024\" height=\"768\" data-id=\"46\" src=\"https:\/\/gabrielbeyer.org\/wp-content\/uploads\/2025\/08\/SocialProof04-1024x768.png\" alt=\"\" class=\"wp-image-46\" srcset=\"https:\/\/gabrielbeyer.org\/wp-content\/uploads\/2025\/08\/SocialProof04-1024x768.png 1024w, https:\/\/gabrielbeyer.org\/wp-content\/uploads\/2025\/08\/SocialProof04-300x225.png 300w, https:\/\/gabrielbeyer.org\/wp-content\/uploads\/2025\/08\/SocialProof04-768x576.png 768w, https:\/\/gabrielbeyer.org\/wp-content\/uploads\/2025\/08\/SocialProof04-1536x1152.png 1536w, https:\/\/gabrielbeyer.org\/wp-content\/uploads\/2025\/08\/SocialProof04-2048x1536.png 2048w\" sizes=\"auto, (max-width: 1024px) 100vw, 1024px\" \/><\/figure>\n\n\n\n<figure class=\"wp-block-image aligncenter size-large\"><img loading=\"lazy\" decoding=\"async\" width=\"1024\" height=\"768\" data-id=\"45\" src=\"https:\/\/gabrielbeyer.org\/wp-content\/uploads\/2025\/08\/SocialProof03-1024x768.png\" alt=\"\" class=\"wp-image-45\" srcset=\"https:\/\/gabrielbeyer.org\/wp-content\/uploads\/2025\/08\/SocialProof03-1024x768.png 1024w, https:\/\/gabrielbeyer.org\/wp-content\/uploads\/2025\/08\/SocialProof03-300x225.png 300w, https:\/\/gabrielbeyer.org\/wp-content\/uploads\/2025\/08\/SocialProof03-768x576.png 768w, https:\/\/gabrielbeyer.org\/wp-content\/uploads\/2025\/08\/SocialProof03-1536x1152.png 1536w, https:\/\/gabrielbeyer.org\/wp-content\/uploads\/2025\/08\/SocialProof03-2048x1536.png 2048w\" sizes=\"auto, (max-width: 1024px) 100vw, 1024px\" \/><\/figure>\n<\/figure>","protected":false},"excerpt":{"rendered":"<p>Welcome, I am Gabriel your empowerment guide At Radical Improvement Solutions, we enable individuals and teams to achieve clarity and impactful results through insight-driven coaching and training. What is transformational coaching at its core? Transformational coaching helps a person change the place they\u2019re living from\u2014their inner operating system\u2014so actions, habits, and results shift naturally. Rather [&hellip;]<\/p>","protected":false},"author":1,"featured_media":0,"parent":0,"menu_order":0,"comment_status":"closed","ping_status":"closed","template":"","meta":{"footnotes":""},"class_list":["post-20","page","type-page","status-publish","hentry"],"_hostinger_reach_plugin_has_subscription_block":false,"_hostinger_reach_plugin_is_elementor":false,"brizy_media":[],"_links":{"self":[{"href":"https:\/\/gabrielbeyer.org\/de\/wp-json\/wp\/v2\/pages\/20","targetHints":{"allow":["GET"]}}],"collection":[{"href":"https:\/\/gabrielbeyer.org\/de\/wp-json\/wp\/v2\/pages"}],"about":[{"href":"https:\/\/gabrielbeyer.org\/de\/wp-json\/wp\/v2\/types\/page"}],"author":[{"embeddable":true,"href":"https:\/\/gabrielbeyer.org\/de\/wp-json\/wp\/v2\/users\/1"}],"replies":[{"embeddable":true,"href":"https:\/\/gabrielbeyer.org\/de\/wp-json\/wp\/v2\/comments?post=20"}],"version-history":[{"count":23,"href":"https:\/\/gabrielbeyer.org\/de\/wp-json\/wp\/v2\/pages\/20\/revisions"}],"predecessor-version":[{"id":192,"href":"https:\/\/gabrielbeyer.org\/de\/wp-json\/wp\/v2\/pages\/20\/revisions\/192"}],"wp:attachment":[{"href":"https:\/\/gabrielbeyer.org\/de\/wp-json\/wp\/v2\/media?parent=20"}],"curies":[{"name":"wp","href":"https:\/\/api.w.org\/{rel}","templated":true}]}}